{"id":3461,"date":"2023-01-18T11:56:28","date_gmt":"2023-01-18T10:56:28","guid":{"rendered":"https:\/\/www.oso.fr\/nos-engagements\/"},"modified":"2025-02-26T15:53:36","modified_gmt":"2025-02-26T14:53:36","slug":"nuestro-compromiso","status":"publish","type":"page","link":"https:\/\/www.oso.fr\/es\/nuestro-compromiso\/","title":{"rendered":"Nuestro compromiso"},"content":{"rendered":"","protected":false},"excerpt":{"rendered":"","protected":false},"author":2,"featured_media":0,"parent":0,"menu_order":0,"comment_status":"closed","ping_status":"closed","template":"templates\/page-builder.php","meta":{"_acf_changed":false,"footnotes":""},"acf":[],"yoast_head":"<!-- This site is optimized with the Yoast SEO plugin v22.5 - https:\/\/yoast.com\/wordpress\/plugins\/seo\/ -->\n<title>Nuestro compromiso<\/title>\n<meta name=\"description\" content=\"OSO\u00ae, marisco eco-responsable: apoyamos a la Fondation \u00c9cole de F\u00e9lix, con nuestro Embajador de la Gastronom\u00eda Guillaume Gomez.\" \/>\n<meta name=\"robots\" content=\"index, follow, max-snippet:-1, max-image-preview:large, max-video-preview:-1\" \/>\n<link rel=\"canonical\" href=\"https:\/\/www.oso.fr\/es\/nuestro-compromiso\/\" \/>\n<meta property=\"og:locale\" content=\"es_ES\" \/>\n<meta property=\"og:type\" content=\"article\" \/>\n<meta property=\"og:title\" content=\"Nuestro compromiso\" \/>\n<meta property=\"og:description\" content=\"OSO\u00ae, marisco eco-responsable: apoyamos a la Fondation \u00c9cole de F\u00e9lix, con nuestro Embajador de la Gastronom\u00eda Guillaume Gomez.\" \/>\n<meta property=\"og:url\" content=\"https:\/\/www.oso.fr\/es\/nuestro-compromiso\/\" \/>\n<meta property=\"og:site_name\" content=\"Oso\" \/>\n<meta property=\"article:modified_time\" content=\"2025-02-26T14:53:36+00:00\" \/>\n<meta name=\"twitter:card\" content=\"summary_large_image\" \/>\n<script type=\"application\/ld+json\" class=\"yoast-schema-graph\">{\"@context\":\"https:\/\/schema.org\",\"@graph\":[{\"@type\":\"WebPage\",\"@id\":\"https:\/\/www.oso.fr\/es\/nuestro-compromiso\/\",\"url\":\"https:\/\/www.oso.fr\/es\/nuestro-compromiso\/\",\"name\":\"Nuestro compromiso\",\"isPartOf\":{\"@id\":\"https:\/\/www.oso.fr\/#website\"},\"datePublished\":\"2023-01-18T10:56:28+00:00\",\"dateModified\":\"2025-02-26T14:53:36+00:00\",\"description\":\"OSO\u00ae, marisco eco-responsable: apoyamos a la Fondation \u00c9cole de F\u00e9lix, con nuestro Embajador de la Gastronom\u00eda Guillaume Gomez.\",\"inLanguage\":\"es\",\"potentialAction\":[{\"@type\":\"ReadAction\",\"target\":[\"https:\/\/www.oso.fr\/es\/nuestro-compromiso\/\"]}]},{\"@type\":\"WebSite\",\"@id\":\"https:\/\/www.oso.fr\/#website\",\"url\":\"https:\/\/www.oso.fr\/\",\"name\":\"Oso\",\"description\":\"Madagascar Gambas\",\"potentialAction\":[{\"@type\":\"SearchAction\",\"target\":{\"@type\":\"EntryPoint\",\"urlTemplate\":\"https:\/\/www.oso.fr\/?s={search_term_string}\"},\"query-input\":\"required name=search_term_string\"}],\"inLanguage\":\"es\"}]}<\/script>\n<!-- \/ Yoast SEO plugin. -->","yoast_head_json":{"title":"Nuestro compromiso","description":"OSO\u00ae, marisco eco-responsable: apoyamos a la Fondation \u00c9cole de F\u00e9lix, con nuestro Embajador de la Gastronom\u00eda Guillaume Gomez.","robots":{"index":"index","follow":"follow","max-snippet":"max-snippet:-1","max-image-preview":"max-image-preview:large","max-video-preview":"max-video-preview:-1"},"canonical":"https:\/\/www.oso.fr\/es\/nuestro-compromiso\/","og_locale":"es_ES","og_type":"article","og_title":"Nuestro compromiso","og_description":"OSO\u00ae, marisco eco-responsable: apoyamos a la Fondation \u00c9cole de F\u00e9lix, con nuestro Embajador de la Gastronom\u00eda Guillaume Gomez.","og_url":"https:\/\/www.oso.fr\/es\/nuestro-compromiso\/","og_site_name":"Oso","article_modified_time":"2025-02-26T14:53:36+00:00","twitter_card":"summary_large_image","schema":{"@context":"https:\/\/schema.org","@graph":[{"@type":"WebPage","@id":"https:\/\/www.oso.fr\/es\/nuestro-compromiso\/","url":"https:\/\/www.oso.fr\/es\/nuestro-compromiso\/","name":"Nuestro compromiso","isPartOf":{"@id":"https:\/\/www.oso.fr\/#website"},"datePublished":"2023-01-18T10:56:28+00:00","dateModified":"2025-02-26T14:53:36+00:00","description":"OSO\u00ae, marisco eco-responsable: apoyamos a la Fondation \u00c9cole de F\u00e9lix, con nuestro Embajador de la Gastronom\u00eda Guillaume Gomez.","inLanguage":"es","potentialAction":[{"@type":"ReadAction","target":["https:\/\/www.oso.fr\/es\/nuestro-compromiso\/"]}]},{"@type":"WebSite","@id":"https:\/\/www.oso.fr\/#website","url":"https:\/\/www.oso.fr\/","name":"Oso","description":"Madagascar Gambas","potentialAction":[{"@type":"SearchAction","target":{"@type":"EntryPoint","urlTemplate":"https:\/\/www.oso.fr\/?s={search_term_string}"},"query-input":"required name=search_term_string"}],"inLanguage":"es"}]}},"_links":{"self":[{"href":"https:\/\/www.oso.fr\/es\/wp-json\/wp\/v2\/pages\/3461"}],"collection":[{"href":"https:\/\/www.oso.fr\/es\/wp-json\/wp\/v2\/pages"}],"about":[{"href":"https:\/\/www.oso.fr\/es\/wp-json\/wp\/v2\/types\/page"}],"author":[{"embeddable":true,"href":"https:\/\/www.oso.fr\/es\/wp-json\/wp\/v2\/users\/2"}],"replies":[{"embeddable":true,"href":"https:\/\/www.oso.fr\/es\/wp-json\/wp\/v2\/comments?post=3461"}],"version-history":[{"count":5,"href":"https:\/\/www.oso.fr\/es\/wp-json\/wp\/v2\/pages\/3461\/revisions"}],"predecessor-version":[{"id":6613,"href":"https:\/\/www.oso.fr\/es\/wp-json\/wp\/v2\/pages\/3461\/revisions\/6613"}],"wp:attachment":[{"href":"https:\/\/www.oso.fr\/es\/wp-json\/wp\/v2\/media?parent=3461"}],"curies":[{"name":"wp","href":"https:\/\/api.w.org\/{rel}","templated":true}]}}